{"id":508,"date":"2025-09-29T16:23:49","date_gmt":"2025-09-29T16:23:49","guid":{"rendered":"https:\/\/betonpumpenvalencia.com\/?page_id=508"},"modified":"2025-09-29T17:00:21","modified_gmt":"2025-09-29T17:00:21","slug":"declaracion_accesibilidad_betonpumpen","status":"publish","type":"page","link":"https:\/\/betonpumpenvalencia.com\/en\/declaracion_accesibilidad_betonpumpen\/","title":{"rendered":"Declaraci\u00f3n de Accesibilidad"},"content":{"rendered":"<div data-elementor-type=\"wp-page\" data-elementor-id=\"508\" class=\"elementor elementor-508\" data-elementor-post-type=\"page\">\n\t\t\t\t<div class=\"elementor-element elementor-element-51fd7e4 e-flex e-con-boxed e-con e-parent\" data-id=\"51fd7e4\" data-element_type=\"container\" data-e-type=\"container\">\n\t\t\t\t\t<div class=\"e-con-inner\">\n\t\t\t\t<div class=\"elementor-element elementor-element-c3fac94 elementor-widget elementor-widget-heading\" data-id=\"c3fac94\" data-element_type=\"widget\" data-e-type=\"widget\" data-widget_type=\"heading.default\">\n\t\t\t\t\t<h2 class=\"elementor-heading-title elementor-size-default\">Declaraci\u00f3n de accesibilidad \u2013 Betonpumpen Valencia<\/h2>\t\t\t\t<\/div>\n\t\t\t\t\t<\/div>\n\t\t\t\t<\/div>\n\t\t<div class=\"elementor-element elementor-element-a2068b9 e-flex e-con-boxed e-con e-parent\" data-id=\"a2068b9\" data-element_type=\"container\" data-e-type=\"container\">\n\t\t\t\t\t<div class=\"e-con-inner\">\n\t\t\t\t<div class=\"elementor-element elementor-element-b490ad9 elementor-widget elementor-widget-text-editor\" data-id=\"b490ad9\" data-element_type=\"widget\" data-e-type=\"widget\" data-widget_type=\"text-editor.default\">\n\t\t\t\t\t\t\t\t\t<p class=\"ng-star-inserted\"><strong class=\"ng-star-inserted\"><span class=\"ng-star-inserted\">\u00daltima actualizaci\u00f3n: 29-09-2025<\/span><\/strong><\/p><p data-start=\"227\" data-end=\"692\"><strong data-start=\"227\" data-end=\"257\">Betonpumpen Valencia, S.L.<\/strong>, con CIF <strong data-start=\"267\" data-end=\"280\">B01958461<\/strong> y domicilio en <strong data-start=\"296\" data-end=\"342\">C\/ Pascualeta 5, 46200 Paiporta (Valencia)<\/strong>, se ha comprometido a hacer accesible su sitio web, de conformidad con el <strong data-start=\"417\" data-end=\"463\">Real Decreto 1112\/2018, de 7 de septiembre<\/strong>, sobre accesibilidad de los sitios web y aplicaciones para dispositivos m\u00f3viles del sector p\u00fablico, aplicable tambi\u00e9n a las entidades privadas que reciben financiaci\u00f3n p\u00fablica en determinados programas como el <strong data-start=\"674\" data-end=\"689\">Kit Digital<\/strong>.<\/p><hr data-start=\"694\" data-end=\"697\" \/><h4 data-start=\"699\" data-end=\"730\">Situaci\u00f3n de conformidad<\/h4><p data-start=\"731\" data-end=\"948\">Este sitio web es <strong data-start=\"749\" data-end=\"774\">parcialmente conforme<\/strong> con el nivel <strong data-start=\"788\" data-end=\"794\">AA<\/strong> de las <strong data-start=\"802\" data-end=\"866\">Pautas de Accesibilidad para el Contenido Web 2.1 (WCAG 2.1)<\/strong>, debido a las excepciones y falta de conformidad que se indican a continuaci\u00f3n.<\/p><hr data-start=\"950\" data-end=\"953\" \/><h4 data-start=\"955\" data-end=\"984\">Contenido no accesible<\/h4><p data-start=\"986\" data-end=\"1063\">El contenido que se recoge a continuaci\u00f3n no es accesible por lo siguiente:<\/p><p data-start=\"1065\" data-end=\"1112\"><strong data-start=\"1065\" data-end=\"1110\">Falta de conformidad con el RD 1112\/2018:<\/strong><\/p><ul data-start=\"1113\" data-end=\"1438\"><li data-start=\"1113\" data-end=\"1194\"><p data-start=\"1115\" data-end=\"1194\">Algunas im\u00e1genes pueden carecer de texto alternativo (atributo ALT) adecuado.<\/p><\/li><li data-start=\"1195\" data-end=\"1272\"><p data-start=\"1197\" data-end=\"1272\">Determinados elementos pueden no cumplir el contraste m\u00ednimo recomendado.<\/p><\/li><li data-start=\"1273\" data-end=\"1345\"><p data-start=\"1275\" data-end=\"1345\">El orden de tabulaci\u00f3n no es siempre el \u00f3ptimo en todas las p\u00e1ginas.<\/p><\/li><li data-start=\"1346\" data-end=\"1438\"><p data-start=\"1348\" data-end=\"1438\">Algunos enlaces podr\u00edan no tener descripciones suficientemente claras fuera de contexto.<\/p><\/li><\/ul><p data-start=\"1440\" data-end=\"1482\"><strong data-start=\"1440\" data-end=\"1467\">Carga desproporcionada:<\/strong><br data-start=\"1467\" data-end=\"1470\" \/>No aplica.<\/p><hr data-start=\"1484\" data-end=\"1487\" \/><h4 data-start=\"1489\" data-end=\"1525\">Preparaci\u00f3n de la declaraci\u00f3n<\/h4><p data-start=\"1526\" data-end=\"1594\">La presente declaraci\u00f3n fue preparada el <strong data-start=\"1567\" data-end=\"1591\">12 de agosto de 2025<\/strong>.<\/p><p data-start=\"1596\" data-end=\"1843\">El m\u00e9todo empleado para preparar la declaraci\u00f3n ha sido una <strong data-start=\"1656\" data-end=\"1759\">auto-evaluaci\u00f3n realizada por Itecnous S.L. (Agente Digitalizador Adherido al Programa Kit Digital)<\/strong>, combinando revisi\u00f3n manual y herramientas autom\u00e1ticas (TAW, WAVE, Axe DevTools).<\/p><hr data-start=\"1845\" data-end=\"1848\" \/><h4 data-start=\"1850\" data-end=\"1890\">Observaciones y datos de contacto<\/h4><p data-start=\"1891\" data-end=\"2038\">Para comunicar cualquier requisito de accesibilidad incumplido, as\u00ed como realizar consultas o sugerencias de mejora, utilice las siguientes v\u00edas:<\/p><ul data-start=\"2040\" data-end=\"2247\"><li data-start=\"2040\" data-end=\"2101\"><p data-start=\"2042\" data-end=\"2101\"><strong data-start=\"2042\" data-end=\"2072\">Responsable del contenido:<\/strong> Betonpumpen Valencia, S.L.<\/p><\/li><li data-start=\"2102\" data-end=\"2158\"><p data-start=\"2104\" data-end=\"2158\"><strong data-start=\"2104\" data-end=\"2127\">Correo electr\u00f3nico:<\/strong> <a class=\"decorated-link cursor-pointer\" rel=\"noopener\" data-start=\"2128\" data-end=\"2156\">administracion@betonpumpenvalencia.com<\/a><\/p><\/li><li data-start=\"2159\" data-end=\"2201\"><p data-start=\"2161\" data-end=\"2201\"><strong data-start=\"2161\" data-end=\"2185\">Responsable t\u00e9cnico:<\/strong> Itecnous S.L.<\/p><\/li><li data-start=\"2202\" data-end=\"2247\"><p data-start=\"2204\" data-end=\"2247\"><strong data-start=\"2204\" data-end=\"2227\">Correo electr\u00f3nico:<\/strong> <a class=\"decorated-link cursor-pointer\" rel=\"noopener\" data-start=\"2228\" data-end=\"2245\">info@itecnous.com<\/a><\/p><\/li><\/ul><hr data-start=\"2249\" data-end=\"2252\" \/><h4 data-start=\"2254\" data-end=\"2288\">Procedimiento de aplicaci\u00f3n<\/h4><p data-start=\"2289\" data-end=\"2430\">Si tras realizar una solicitud de informaci\u00f3n accesible o queja, la respuesta no fuera satisfactoria, podr\u00e1 presentar una reclamaci\u00f3n ante:<\/p><ul data-start=\"2432\" data-end=\"2656\"><li data-start=\"2432\" data-end=\"2503\"><p data-start=\"2434\" data-end=\"2503\"><strong data-start=\"2434\" data-end=\"2474\">Unidad responsable de accesibilidad:<\/strong> Betonpumpen Valencia, S.L.<\/p><\/li><li data-start=\"2504\" data-end=\"2656\"><p data-start=\"2506\" data-end=\"2656\"><strong data-start=\"2506\" data-end=\"2528\">\u00d3rgano de control:<\/strong> Ministerio de Asuntos Econ\u00f3micos y Transformaci\u00f3n Digital \u2013 Secretar\u00eda de Estado de Digitalizaci\u00f3n e Inteligencia Artificial.<\/p><\/li><\/ul>\t\t\t\t\t\t\t\t<\/div>\n\t\t\t\t\t<\/div>\n\t\t\t\t<\/div>\n\t\t\t\t<\/div>","protected":false},"excerpt":{"rendered":"<p>Declaraci\u00f3n de accesibilidad \u2013 Betonpumpen Valencia \u00daltima actualizaci\u00f3n: 29-09-2025 Betonpumpen Valencia, S.L., con CIF B01958461 y domicilio en C\/ Pascualeta 5, 46200 Paiporta (Valencia), se ha comprometido a hacer accesible su sitio web, de conformidad con el Real Decreto 1112\/2018, de 7 de septiembre, sobre accesibilidad de los sitios web y aplicaciones para dispositivos m\u00f3viles [&hellip;]<\/p>\n","protected":false},"author":1,"featured_media":0,"parent":0,"menu_order":0,"comment_status":"closed","ping_status":"closed","template":"","meta":{"footnotes":""},"class_list":["post-508","page","type-page","status-publish","hentry"],"_links":{"self":[{"href":"https:\/\/betonpumpenvalencia.com\/en\/wp-json\/wp\/v2\/pages\/508","targetHints":{"allow":["GET"]}}],"collection":[{"href":"https:\/\/betonpumpenvalencia.com\/en\/wp-json\/wp\/v2\/pages"}],"about":[{"href":"https:\/\/betonpumpenvalencia.com\/en\/wp-json\/wp\/v2\/types\/page"}],"author":[{"embeddable":true,"href":"https:\/\/betonpumpenvalencia.com\/en\/wp-json\/wp\/v2\/users\/1"}],"replies":[{"embeddable":true,"href":"https:\/\/betonpumpenvalencia.com\/en\/wp-json\/wp\/v2\/comments?post=508"}],"version-history":[{"count":7,"href":"https:\/\/betonpumpenvalencia.com\/en\/wp-json\/wp\/v2\/pages\/508\/revisions"}],"predecessor-version":[{"id":834,"href":"https:\/\/betonpumpenvalencia.com\/en\/wp-json\/wp\/v2\/pages\/508\/revisions\/834"}],"wp:attachment":[{"href":"https:\/\/betonpumpenvalencia.com\/en\/wp-json\/wp\/v2\/media?parent=508"}],"curies":[{"name":"wp","href":"https:\/\/api.w.org\/{rel}","templated":true}]}}