{"id":206,"date":"2025-07-27T20:05:43","date_gmt":"2025-07-27T20:05:43","guid":{"rendered":"https:\/\/betonpumpenvalencia.com\/?page_id=206"},"modified":"2026-03-06T18:28:10","modified_gmt":"2026-03-06T18:28:10","slug":"aviso-legal","status":"publish","type":"page","link":"https:\/\/betonpumpenvalencia.com\/en\/aviso-legal\/","title":{"rendered":"Aviso Legal"},"content":{"rendered":"\t\t<div data-elementor-type=\"wp-page\" data-elementor-id=\"206\" class=\"elementor elementor-206\" data-elementor-post-type=\"page\">\n\t\t\t\t<div class=\"elementor-element elementor-element-51fd7e4 e-flex e-con-boxed e-con e-parent\" data-id=\"51fd7e4\" data-element_type=\"container\" data-e-type=\"container\">\n\t\t\t\t\t<div class=\"e-con-inner\">\n\t\t\t\t<div class=\"elementor-element elementor-element-c3fac94 elementor-widget elementor-widget-heading\" data-id=\"c3fac94\" data-element_type=\"widget\" data-e-type=\"widget\" data-widget_type=\"heading.default\">\n\t\t\t\t\t<h1 class=\"elementor-heading-title elementor-size-default\">Aviso Legal - BetonpumpenValencia.com<\/h1>\t\t\t\t<\/div>\n\t\t\t\t\t<\/div>\n\t\t\t\t<\/div>\n\t\t<div class=\"elementor-element elementor-element-a2068b9 e-flex e-con-boxed e-con e-parent\" data-id=\"a2068b9\" data-element_type=\"container\" data-e-type=\"container\">\n\t\t\t\t\t<div class=\"e-con-inner\">\n\t\t\t\t<div class=\"elementor-element elementor-element-b490ad9 elementor-widget elementor-widget-text-editor\" data-id=\"b490ad9\" data-element_type=\"widget\" data-e-type=\"widget\" data-widget_type=\"text-editor.default\">\n\t\t\t\t\t\t\t\t\t<p><span style=\"font-weight: 400;\">De conformidad con lo establecido en la Ley 34\/2002, de 11 de julio, de servicios de la sociedad de la informaci\u00f3n y de comercio electr\u00f3nico, se facilita la siguiente informaci\u00f3n:\u00a0<\/span><\/p><h2><b style=\"color: #1d365c; font-size: 47px; text-transform: capitalize; background-color: transparent;\">DATOS IDENTIFICATIVOS<\/b><\/h2><p><span style=\"font-weight: 400;\">Usted est\u00e1 visitando la p\u00e1gina web<\/span> <span style=\"font-weight: 400;\">betonpumpenvalencia.com<\/span><span style=\"font-weight: 400;\"> titularidad de BETOPUMPEN VALENCIA SLU, con domicilio social en PARTIDA DE LA PASCUALETA, 12 (46200 PAIPORTA) VALENCIA, con NIF B01958461, inscrita en el Registro Mercantil de Valencia<\/span><span style=\"font-weight: 400;\">, en el Tomo 10.871,<\/span><span style=\"font-weight: 400;\">\u00a0Folio <\/span><span style=\"font-weight: 400;\">191<\/span><span style=\"font-weight: 400;\">, Hoja V-194.407. <\/span><span style=\"font-weight: 400;\">En adelante, el <\/span><b>TITULAR<\/b><span style=\"font-weight: 400;\">.<\/span><\/p><p><span style=\"font-weight: 400;\">Puede contactar con el Titular por cualquiera de los siguientes medios:<\/span><\/p><p><b>Tel\u00e9fono: <\/b><span class=\"elementor-icon-list-text\">+34 744 62 85 44<\/span><\/p><p><b>Correo electr\u00f3nico de contacto:<\/b> <span style=\"font-weight: 400;\">almudenaaliaga@betonpumpenvalencia.com\u00a0<\/span><\/p><h1>\u00a0<\/h1><h3><b>USUARIOS<\/b><\/h3><p><span style=\"font-weight: 400;\">Mediante el presente documento ponemos en su conocimiento los t\u00e9rminos y condiciones que regulan el uso del sitio web y\/o app del Titular, as\u00ed como de los servicios y contenidos asociados. Dicho uso implica la adquisici\u00f3n de la condici\u00f3n de \u201cusuario\u201d y, con dicha condici\u00f3n, una serie de derechos y <\/span><span style=\"font-weight: 400;\">obligaciones.<\/span><\/p><p><b>A los efectos anteriormente descritos, le informamos que es de su responsabilidad acceder a las condiciones legales insertas en la presente web, as\u00ed como, a las pol\u00edticas de privacidad, cookies o en su caso, condiciones de venta <\/b><b>y leerlas detenidamente<\/b><b>. <\/b><\/p><p><span style=\"font-weight: 400;\">Recomendamos:<\/span><\/p><ol><li style=\"font-weight: 400;\" aria-level=\"2\"><b>Que visite las mismas cada vez que pretenda acceder o utilizar los servicios y contenidos del sitio y\u00a0<\/b><\/li><li style=\"font-weight: 400;\" aria-level=\"2\"><b>Que imprima o almacene en su sistema una copia.<br \/><\/b><b><br \/><\/b><\/li><\/ol><h3>\u00a0<\/h3><h3><b>USO DEL PORTAL<\/b><\/h3><p><span style=\"font-weight: 400;\">Esta web proporciona el acceso a multitud de informaci\u00f3n, servicios, programas o datos (en adelante, \u201clos contenidos\u201d) en Internet pertenecientes a el Titular o a sus licenciantes a los que el Usuario puede tener acceso.<\/span><\/p><p><span style=\"font-weight: 400;\">El Usuario asume la responsabilidad del uso del portal en los t\u00e9rminos que mediante la presente se establecen. D<\/span><span style=\"font-weight: 400;\">icha responsabilidad se extiende al registro que fuese necesario para acceder a determinados servicios o contenidos. En dicho registro, el Usuario ser\u00e1 responsable de aportar informaci\u00f3n veraz y l\u00edcita. Como consecuencia de este registro, al Usuario se le puede proporcionar una contrase\u00f1a de la que ser\u00e1 asimismo responsable, comprometi\u00e9ndose a hacer un uso diligente y confidencial de la misma.<\/span><\/p><p><b>El Usuario se compromete a hacer un uso adecuado de los contenidos y servicios<\/b><span style=\"font-weight: 400;\"> (por ejemplo, servicios de chat, foros de discusi\u00f3n o grupos de noticias) que el Titular ofrece a trav\u00e9s de su portal y, con car\u00e1cter enunciativo, pero no limitativo, <\/span><b>a no emplearlos para<\/b><span style=\"font-weight: 400;\">:<\/span><\/p><ul><li style=\"font-weight: 400;\" aria-level=\"1\"><span style=\"font-weight: 400;\">Incurrir en actividades il\u00edcitas, ilegales o contrarias a la buena fe y al orden p\u00fablico.\u00a0<\/span><\/li><li style=\"font-weight: 400;\" aria-level=\"1\"><span style=\"font-weight: 400;\">Difundir contenidos o propaganda racista, xen\u00f3foba, pornogr\u00e1fico-ilegal, de apolog\u00eda del terrorismo o atentatoria contra los derechos humanos.\u00a0<\/span><\/li><li style=\"font-weight: 400;\" aria-level=\"1\"><span style=\"font-weight: 400;\">Provocar da\u00f1os en los sistemas f\u00edsicos y l\u00f3gicos del Titular, de sus proveedores o de terceras persona<\/span><span style=\"font-weight: 400;\">s, introducir o difundir en la red virus inform\u00e1ticos o <\/span><span style=\"font-weight: 400;\">cualesquiera otros sistemas f\u00edsicos o l\u00f3gicos que sean susceptibles de provocar los da\u00f1os anteriormente mencionados.<\/span><\/li><\/ul><ul><li style=\"font-weight: 400;\" aria-level=\"1\"><span style=\"font-weight: 400;\">Intentar acceder y, en su caso, utilizar las cuentas de correo electr\u00f3nico de otros usuarios y modificar o manipular sus mensajes.<\/span><\/li><\/ul><ul><li style=\"font-weight: 400;\" aria-level=\"1\"><span style=\"font-weight: 400;\">Utilizar el sitio web ni las informaciones que en \u00e9l se contienen con fines comerciales, pol\u00edticos, publicitarios y para cualquier uso comercial, sobre todo en el env\u00edo de correos electr\u00f3nicos no solicitados.\u00a0<\/span><\/li><\/ul><p><span style=\"font-weight: 400;\">El Titular se reserva el derecho a retirar todos aquellos comentarios y aportaciones que vulneren el respeto a la dignidad de la persona, que sean discriminatorios, xen\u00f3fobos, racistas, pornogr\u00e1ficos, que atenten contra la juventud o la infancia, el orden o la seguridad p\u00fablica o que, a su juicio, no resultar\u00e1n adecuados para su publicaci\u00f3n. <\/span><b>En cualquier caso, el Titular no ser\u00e1 responsable de las opiniones vertidas por los usuarios a trav\u00e9s de los foros, chats, u otras herramientas de participaci\u00f3n.<\/b><\/p><h1>\u00a0<\/h1><h3><b>PROTECCI\u00d3N DE DATOS<\/b><\/h3><p><span style=\"font-weight: 400;\">Todo lo relativo al tratamiento de sus datos personales se encuentra recogido en la <\/span><span style=\"font-weight: 400;\">Pol\u00edtica de privacidad<\/span><span style=\"font-weight: 400;\">.<\/span><span style=\"font-weight: 400;\">[HIPERENLAZAR]<\/span><\/p><h1>\u00a0<\/h1><h3><b>CONTENIDOS. PROPIEDAD INTELECTUAL E INDUSTRIAL<\/b><\/h3><p><span style=\"font-weight: 400;\">El Titular es propietario de todos los derechos de propiedad intelectual e industrial de su p\u00e1gina web, as\u00ed como de los elementos contenidos en la misma (a t\u00edtulo enunciativo: im\u00e1genes, fotograf\u00edas, sonido, audio, v\u00eddeo, software o textos, marcas o logotipos, combinaciones de colores, estructura y dise\u00f1o, selecci\u00f3n de materiales usados, programas de ordenador necesarios para su funcionamiento, acceso y uso, etc.), titularidad del Titular o bien de sus licenciantes.<\/span><\/p><p><b>Todos los derechos reservados.<\/b><span style=\"font-weight: 400;\"> En virtud de lo dispuesto en los art\u00edculos 8 y 32.1, p\u00e1rrafo segundo, de la Ley de Propiedad Intelectual, <\/span><b>quedan expresamente prohibidas la reproducci\u00f3n, la distribuci\u00f3n y la comunicaci\u00f3n p\u00fablica, incluida su modalidad de puesta a disposici\u00f3n, de la totalidad o parte de los contenidos de esta p\u00e1gina web, con fines comerciales, en cualquier soporte y por cualquier medio t\u00e9cnico, sin la autorizaci\u00f3n del Titular.<\/b><\/p><h1>\u00a0<\/h1><h3><b>EXCLUSI\u00d3N DE GARANT\u00cdAS Y RESPONSABILIDAD<\/b><\/h3><p><span style=\"font-weight: 400;\">El Usuario reconoce que la utilizaci\u00f3n de la p\u00e1gina web y de sus contenidos y servicios se desarrolla bajo su exclusiva responsabilidad. En concreto, a t\u00edtulo meramente enunciativo, el Titular no asume ninguna responsabilidad en los siguientes \u00e1mbitos:<\/span><\/p><ul><li style=\"font-weight: 400;\" aria-level=\"1\"><span style=\"font-weight: 400;\">La disponibilidad del funcionamiento de la p\u00e1gina web, sus servicios y contenidos y su calidad o interoperabilidad.<\/span><\/li><li style=\"font-weight: 400;\" aria-level=\"1\"><span style=\"font-weight: 400;\">La finalidad para la que la p\u00e1gina web sirva a los objetivos del Usuario.<\/span><\/li><li style=\"font-weight: 400;\" aria-level=\"1\"><span style=\"font-weight: 400;\">La infracci\u00f3n de la legislaci\u00f3n vigente por parte del Usuario o terceros y, en concreto, de los derechos de propiedad intelectual e industrial que sean titularidad de otras personas o entidades.<\/span><\/li><li style=\"font-weight: 400;\" aria-level=\"1\"><span style=\"font-weight: 400;\">La existencia de c\u00f3digos maliciosos o cualquier otro elemento inform\u00e1tico da\u00f1ino que pudiera causar el sistema inform\u00e1tico del Usuario o de terceros. La entidad toma medidas para proteger el sitio web frente a ciberataques. No ob<\/span><span style=\"font-weight: 400;\">stante, no puede garantizar que no se vayan a producir accesos no autorizados por parte de terceros. Por ello, corresponde al Usuario disponer de herramientas adecuadas para la detecci\u00f3n y desinfecci\u00f3n de estos elementos.<\/span><\/li><\/ul><ul><li style=\"font-weight: 400;\" aria-level=\"1\"><span style=\"font-weight: 400;\">El acceso fraudulento a los contenidos o servicios por terceros no autorizados o, en su caso, la captura, eliminaci\u00f3n, alteraci\u00f3n, modificaci\u00f3n o manipulaci\u00f3n de los mensajes y comunicaciones de cualquier clase que dichos terceros pudiera realizar.<\/span><\/li><\/ul><ul><li style=\"font-weight: 400;\" aria-level=\"1\"><span style=\"font-weight: 400;\">Los da\u00f1os producidos a equipos inform\u00e1ticos durante el acceso a la p\u00e1gina web y los da\u00f1os producidos a los Usuarios cuando tengan su origen en fallos o desconexiones en las redes de telecomunicaciones que interrumpan el servicio.<\/span><\/li><\/ul><ul><li style=\"font-weight: 400;\" aria-level=\"1\"><span style=\"font-weight: 400;\">Los da\u00f1os o perjuicios que se deriven de circunstancias acaecidas por caso fortuito o fuerza mayor.<\/span><\/li><li style=\"font-weight: 400;\" aria-level=\"1\"><span style=\"font-weight: 400;\">En caso de que existan foros, el uso de los mismos u otros espacios an\u00e1logos, ha de tenerse en cuenta que los mensajes reflejan \u00fanicamente la opini\u00f3n del Usuario que los remite, siendo este el \u00fanico responsable de los mismos. En consecuencia, el Titular no se hace responsable del contenido de los mensajes enviados por el Usuario.\u00a0<\/span><\/li><\/ul><p><b>MODIFICACI\u00d3N DE ESTE AVISO LEGAL Y DURACI\u00d3N<\/b><\/p><p><span style=\"font-weight: 400;\">El Titular se reserva el derecho de efectuar sin previo aviso las modificaciones que considere oportunas en su portal, pudiendo cambiar, suprimir o a\u00f1adir tantos contenidos y servicios que se presten a trav\u00e9s de la misma, como la forma en la que estos aparezcan representados o localizados en su portal.<\/span><\/p><p><span style=\"font-weight: 400;\">La vigencia de las citadas condiciones ir\u00e1 en funci\u00f3n de su exposici\u00f3n y estar\u00e1n vigentes hasta que sean modificadas por otras debidamente publicadas.<\/span><\/p><h1>\u00a0<\/h1><p><b>ENLACES<\/b><\/p><p><span style=\"font-weight: 400;\">En el caso de que en <\/span><span style=\"font-weight: 400;\">betonpumpenvalencia.com<\/span><span style=\"font-weight: 400;\"> se incluyesen enlaces o hiperv\u00ednculos hacia otros sitios de Internet, el Titular no ejercer\u00e1 ning\u00fan tipo de control sobre dichos sitios y conte<\/span><span style=\"font-weight: 400;\">nidos ni asumir\u00e1 responsabilidad alguna por los contenidos de alg\u00fan enlace perteneciente a un sitio web ajeno, ni garantizar\u00e1 la disponibilidad t\u00e9cnica, calidad, fiabilidad, exactitud, amplitud, veracidad, validez y constitucionalidad de cualquier materia o informaci\u00f3n contenida en ninguno de dichos hiperv\u00ednculos y otros sitios <\/span><span style=\"font-weight: 400;\">en Internet. Igualmente, la inclusi\u00f3n de estas conexiones externas no implicar\u00e1 ning\u00fan tipo de asociaci\u00f3n, fusi\u00f3n o participaci\u00f3n con las entidades conectadas. No obstante lo anterior, si BETOPUMPEN VALENCIA SLU tuviera conocimiento efectivo de que la actividad o la informaci\u00f3n a la que se remite o recomienda es il\u00edcita, o de que lesiona bienes o derechos de un tercero susceptibles de indemnizaci\u00f3n, se suprimir\u00e1n dichos datos o se inutilizar\u00e1 el enlace correspondiente.<\/span><\/p><h1>\u00a0<\/h1><p><b>DERECHOS DE EXCLUSI\u00d3N<\/b><\/p><p><span style=\"font-weight: 400;\">El Titular se reserva el derecho a denegar o retirar el acceso al portal y\/o los servicios ofrecidos sin necesidad de advertencia previa, a instancia propia o de un tercero, a aquellos usuarios que incumplan el contenido de este Aviso Legal.<\/span><\/p><h1>\u00a0<\/h1><p><b>GENERALIDADES<\/b><\/p><p><span style=\"font-weight: 400;\">El Titular perseguir\u00e1 el incumplimiento de las presentes condiciones, as\u00ed como cualquier utilizaci\u00f3n indebida de su portal ejerciendo todas las acciones civiles y penales que le puedan corresponder en derecho.<\/span><\/p><h1>\u00a0<\/h1><p><b>LEGISLACI\u00d3N APLICABLE Y JURISDICCI\u00d3N<\/b><\/p><p><span style=\"font-weight: 400;\">La relaci\u00f3n entre el Titular y el Usuario se regir\u00e1 por la normativa espa\u00f1ola vigente. Todas las disputas y reclamaciones derivadas de este aviso legal se resolver\u00e1n por los juzgados y tribunales espa\u00f1oles del consumidor y usuario que resulten competentes.<\/span><\/p><p><b>MENORES DE EDAD<\/b><\/p><p><span style=\"font-weight: 400;\">Esta web dirige sus servicios a usuarios mayores de 18 a\u00f1os. Los menores de esta edad no est\u00e1n autorizados a utilizar nuestros servicios y no deber\u00e1n, por tanto, enviarnos sus datos personales. Informamos de que, si se da tal circunstancia, el Titular no se hace responsable de las posibles consecuencias que pudieran derivarse del incumplimiento del aviso que en esta misma cl\u00e1usula se<\/span><span style=\"font-weight: 400;\"> establece.<\/span><\/p><p><b>MEDI<\/b><b>DAS DE SEGURIDAD &#8211; SSL<\/b><\/p><p><span style=\"font-weight: 400;\">El Titular ha contratado para su sitio web un certificado <\/span><b>SSL<\/b><span style=\"font-weight: 400;\"> (\u00ab<\/span><i><span style=\"font-weight: 400;\">Secure Sockets Layer\u00bb). <\/span><\/i><span style=\"font-weight: 400;\">Dicho certificado SSL permite proteger toda la informaci\u00f3n personal y confidencial que se pueda manejar en un sitio web, independientemente de la informaci\u00f3n que se est\u00e9 transmitiendo como, por ejemplo, desde cualquiera de los formularios de contacto del sitio web hasta el servidor o los datos introducidos para la suscripci\u00f3n de boletines de noticias, accesos a las \u00e1reas protegidas, etc.<\/span><\/p><p><span style=\"font-weight: 400;\">La direcci\u00f3n del sitio web aparecer\u00e1 en color verde, activ\u00e1ndose el protocolo \u201chttps\u201d que permite conexiones seguras desde un servidor web al navegador del usuario.<\/span><\/p><p><span style=\"font-weight: 400;\">\u00a0<\/span><\/p><p dir=\"ltr\" style=\"line-height: 1.7999999999999998; text-align: right; margin-top: 0pt; margin-bottom: 0pt;\"><span style=\"font-size: 11pt; font-family: 'Liberation Sans Regular'; color: #000000; background-color: #ffffff; font-weight: 400; font-style: normal; font-variant: normal; text-decoration: none; vertical-align: baseline; white-space: pre-wrap;\">\u00daltima revisi\u00f3n 03 de Marzo del 2026<\/span><\/p>\t\t\t\t\t\t\t\t<\/div>\n\t\t\t\t\t<\/div>\n\t\t\t\t<\/div>\n\t\t\t\t<\/div>\n\t\t","protected":false},"excerpt":{"rendered":"<p>Aviso Legal &#8211; BetonpumpenValencia.com De conformidad con lo establecido en la Ley 34\/2002, de 11 de julio, de servicios de la sociedad de la informaci\u00f3n y de comercio electr\u00f3nico, se facilita la siguiente informaci\u00f3n:\u00a0 DATOS IDENTIFICATIVOS Usted est\u00e1 visitando la p\u00e1gina web betonpumpenvalencia.com titularidad de BETOPUMPEN VALENCIA SLU, con domicilio social en PARTIDA DE LA [&hellip;]<\/p>\n","protected":false},"author":1,"featured_media":0,"parent":0,"menu_order":0,"comment_status":"closed","ping_status":"closed","template":"","meta":{"footnotes":""},"class_list":["post-206","page","type-page","status-publish","hentry"],"_links":{"self":[{"href":"https:\/\/betonpumpenvalencia.com\/en\/wp-json\/wp\/v2\/pages\/206","targetHints":{"allow":["GET"]}}],"collection":[{"href":"https:\/\/betonpumpenvalencia.com\/en\/wp-json\/wp\/v2\/pages"}],"about":[{"href":"https:\/\/betonpumpenvalencia.com\/en\/wp-json\/wp\/v2\/types\/page"}],"author":[{"embeddable":true,"href":"https:\/\/betonpumpenvalencia.com\/en\/wp-json\/wp\/v2\/users\/1"}],"replies":[{"embeddable":true,"href":"https:\/\/betonpumpenvalencia.com\/en\/wp-json\/wp\/v2\/comments?post=206"}],"version-history":[{"count":23,"href":"https:\/\/betonpumpenvalencia.com\/en\/wp-json\/wp\/v2\/pages\/206\/revisions"}],"predecessor-version":[{"id":884,"href":"https:\/\/betonpumpenvalencia.com\/en\/wp-json\/wp\/v2\/pages\/206\/revisions\/884"}],"wp:attachment":[{"href":"https:\/\/betonpumpenvalencia.com\/en\/wp-json\/wp\/v2\/media?parent=206"}],"curies":[{"name":"wp","href":"https:\/\/api.w.org\/{rel}","templated":true}]}}